{"id":120,"date":"2017-11-15T11:36:08","date_gmt":"2017-11-15T11:36:08","guid":{"rendered":"http:\/\/cultivatehappiness.itbrolis.lt\/?page_id=120"},"modified":"2025-11-14T08:04:12","modified_gmt":"2025-11-14T08:04:12","slug":"private-psychotherapy-practice-ru","status":"publish","type":"page","link":"https:\/\/cultivatehappiness.co.uk\/ru\/","title":{"rendered":"\u041a\u043e\u043d\u0441\u0443\u043b\u044c\u0442\u0430\u0446\u0438\u0438 \u043f\u0441\u0438\u0445\u043e\u043b\u043e\u0433\u0430 \u0413\u0438\u043d\u0442\u0430\u0440\u0430\u0441\u0430 \u041f\u0430\u0440\u0443\u0442\u0438\u0441\u0430"},"content":{"rendered":"<p>Esu Gintaras Parutis, MBACP akredituotas psichoterapeutas. Galiu pad\u0117ti spr\u0119sti specifinius psichikos sveikatos i\u0161\u0161\u016bkius, tokius kaip nerimas, depresija ir traumos, taip pat pad\u0117ti asmeniniame augime ir i\u0161 naujo atrasti tai, kas jums i\u0161 tikr\u0173j\u0173 svarbu. Seansai galimi gyvai Londone ir Greise arba internetu, jums patogiu metu.<\/p>\n","protected":false},"excerpt":{"rendered":"<p>Esu Gintaras Parutis, MBACP akredituotas psichoterapeutas. Galiu pad\u0117ti spr\u0119sti specifinius psichikos sveikatos i\u0161\u0161\u016bkius, tokius kaip nerimas, depresija ir traumos, taip pat pad\u0117ti asmeniniame augime ir i\u0161 naujo atrasti tai, kas jums i\u0161 tikr\u0173j\u0173 svarbu. Seansai galimi gyvai Londone ir Greise arba internetu, jums patogiu metu.<\/p>\n","protected":false},"author":1,"featured_media":37,"parent":0,"menu_order":0,"comment_status":"closed","ping_status":"closed","template":"page-home.php","meta":{"footnotes":""},"class_list":["post-120","page","type-page","status-publish","has-post-thumbnail","hentry"],"yoast_head":"<!-- This site is optimized with the Yoast SEO plugin v26.3 - https:\/\/yoast.com\/wordpress\/plugins\/seo\/ -->\n<title>\u041a\u043e\u043d\u0441\u0443\u043b\u044c\u0442\u0430\u0446\u0438\u0438 \u043f\u0441\u0438\u0445\u043e\u043b\u043e\u0433\u0430 \u0413\u0438\u043d\u0442\u0430\u0440\u0430\u0441\u0430 \u041f\u0430\u0440\u0443\u0442\u0438\u0441\u0430 - Cultivate happiness<\/title>\n<meta name=\"robots\" content=\"index, follow, max-snippet:-1, max-image-preview:large, max-video-preview:-1\" \/>\n<link rel=\"canonical\" href=\"https:\/\/cultivatehappiness.co.uk\/ru\/\" \/>\n<meta property=\"og:locale\" content=\"ru_RU\" \/>\n<meta property=\"og:type\" content=\"article\" \/>\n<meta property=\"og:title\" content=\"\u041a\u043e\u043d\u0441\u0443\u043b\u044c\u0442\u0430\u0446\u0438\u0438 \u043f\u0441\u0438\u0445\u043e\u043b\u043e\u0433\u0430 \u0413\u0438\u043d\u0442\u0430\u0440\u0430\u0441\u0430 \u041f\u0430\u0440\u0443\u0442\u0438\u0441\u0430 - Cultivate happiness\" \/>\n<meta property=\"og:description\" content=\"Esu Gintaras Parutis, MBACP akredituotas psichoterapeutas. Galiu pad\u0117ti spr\u0119sti specifinius psichikos sveikatos i\u0161\u0161\u016bkius, tokius kaip nerimas, depresija ir traumos, taip pat pad\u0117ti asmeniniame augime ir i\u0161 naujo atrasti tai, kas jums i\u0161 tikr\u0173j\u0173 svarbu. Seansai galimi gyvai Londone ir Greise arba internetu, jums patogiu metu.\" \/>\n<meta property=\"og:url\" content=\"https:\/\/cultivatehappiness.co.uk\/ru\/\" \/>\n<meta property=\"og:site_name\" content=\"Cultivate happiness\" \/>\n<meta property=\"article:modified_time\" content=\"2025-11-14T08:04:12+00:00\" \/>\n<meta property=\"og:image\" content=\"https:\/\/cultivatehappiness.co.uk\/wp-content\/uploads\/2017\/10\/locations-fees.jpg\" \/>\n\t<meta property=\"og:image:width\" content=\"1989\" \/>\n\t<meta property=\"og:image:height\" content=\"579\" \/>\n\t<meta property=\"og:image:type\" content=\"image\/jpeg\" \/>\n<meta name=\"twitter:card\" content=\"summary_large_image\" \/>\n<meta name=\"twitter:label1\" content=\"\u041f\u0440\u0438\u043c\u0435\u0440\u043d\u043e\u0435 \u0432\u0440\u0435\u043c\u044f \u0434\u043b\u044f \u0447\u0442\u0435\u043d\u0438\u044f\" \/>\n\t<meta name=\"twitter:data1\" content=\"1 \u043c\u0438\u043d\u0443\u0442\u0430\" \/>\n<script type=\"application\/ld+json\" class=\"yoast-schema-graph\">{\"@context\":\"https:\/\/schema.org\",\"@graph\":[{\"@type\":\"WebPage\",\"@id\":\"https:\/\/cultivatehappiness.co.uk\/ru\/\",\"url\":\"https:\/\/cultivatehappiness.co.uk\/ru\/\",\"name\":\"\u041a\u043e\u043d\u0441\u0443\u043b\u044c\u0442\u0430\u0446\u0438\u0438 \u043f\u0441\u0438\u0445\u043e\u043b\u043e\u0433\u0430 \u0413\u0438\u043d\u0442\u0430\u0440\u0430\u0441\u0430 \u041f\u0430\u0440\u0443\u0442\u0438\u0441\u0430 - Cultivate happiness\",\"isPartOf\":{\"@id\":\"https:\/\/cultivatehappiness.co.uk\/#website\"},\"primaryImageOfPage\":{\"@id\":\"https:\/\/cultivatehappiness.co.uk\/ru\/#primaryimage\"},\"image\":{\"@id\":\"https:\/\/cultivatehappiness.co.uk\/ru\/#primaryimage\"},\"thumbnailUrl\":\"https:\/\/cultivatehappiness.co.uk\/wp-content\/uploads\/2017\/10\/locations-fees.jpg\",\"datePublished\":\"2017-11-15T11:36:08+00:00\",\"dateModified\":\"2025-11-14T08:04:12+00:00\",\"breadcrumb\":{\"@id\":\"https:\/\/cultivatehappiness.co.uk\/ru\/#breadcrumb\"},\"inLanguage\":\"ru-RU\",\"potentialAction\":[{\"@type\":\"ReadAction\",\"target\":[\"https:\/\/cultivatehappiness.co.uk\/ru\/\"]}]},{\"@type\":\"ImageObject\",\"inLanguage\":\"ru-RU\",\"@id\":\"https:\/\/cultivatehappiness.co.uk\/ru\/#primaryimage\",\"url\":\"https:\/\/cultivatehappiness.co.uk\/wp-content\/uploads\/2017\/10\/locations-fees.jpg\",\"contentUrl\":\"https:\/\/cultivatehappiness.co.uk\/wp-content\/uploads\/2017\/10\/locations-fees.jpg\",\"width\":1989,\"height\":579},{\"@type\":\"BreadcrumbList\",\"@id\":\"https:\/\/cultivatehappiness.co.uk\/ru\/#breadcrumb\",\"itemListElement\":[{\"@type\":\"ListItem\",\"position\":1,\"name\":\"Home\",\"item\":\"https:\/\/cultivatehappiness.co.uk\/ru\/\"},{\"@type\":\"ListItem\",\"position\":2,\"name\":\"\u041a\u043e\u043d\u0441\u0443\u043b\u044c\u0442\u0430\u0446\u0438\u0438 \u043f\u0441\u0438\u0445\u043e\u043b\u043e\u0433\u0430 \u0413\u0438\u043d\u0442\u0430\u0440\u0430\u0441\u0430 \u041f\u0430\u0440\u0443\u0442\u0438\u0441\u0430\"}]},{\"@type\":\"WebSite\",\"@id\":\"https:\/\/cultivatehappiness.co.uk\/#website\",\"url\":\"https:\/\/cultivatehappiness.co.uk\/\",\"name\":\"Cultivate happiness\",\"description\":\"Private psychotherapy practice.  I work with adult individuals, couples, families and groups.\",\"potentialAction\":[{\"@type\":\"SearchAction\",\"target\":{\"@type\":\"EntryPoint\",\"urlTemplate\":\"https:\/\/cultivatehappiness.co.uk\/?s={search_term_string}\"},\"query-input\":{\"@type\":\"PropertyValueSpecification\",\"valueRequired\":true,\"valueName\":\"search_term_string\"}}],\"inLanguage\":\"ru-RU\"}]}<\/script>\n<!-- \/ Yoast SEO plugin. -->","yoast_head_json":{"title":"\u041a\u043e\u043d\u0441\u0443\u043b\u044c\u0442\u0430\u0446\u0438\u0438 \u043f\u0441\u0438\u0445\u043e\u043b\u043e\u0433\u0430 \u0413\u0438\u043d\u0442\u0430\u0440\u0430\u0441\u0430 \u041f\u0430\u0440\u0443\u0442\u0438\u0441\u0430 - Cultivate happiness","robots":{"index":"index","follow":"follow","max-snippet":"max-snippet:-1","max-image-preview":"max-image-preview:large","max-video-preview":"max-video-preview:-1"},"canonical":"https:\/\/cultivatehappiness.co.uk\/ru\/","og_locale":"ru_RU","og_type":"article","og_title":"\u041a\u043e\u043d\u0441\u0443\u043b\u044c\u0442\u0430\u0446\u0438\u0438 \u043f\u0441\u0438\u0445\u043e\u043b\u043e\u0433\u0430 \u0413\u0438\u043d\u0442\u0430\u0440\u0430\u0441\u0430 \u041f\u0430\u0440\u0443\u0442\u0438\u0441\u0430 - Cultivate happiness","og_description":"Esu Gintaras Parutis, MBACP akredituotas psichoterapeutas. Galiu pad\u0117ti spr\u0119sti specifinius psichikos sveikatos i\u0161\u0161\u016bkius, tokius kaip nerimas, depresija ir traumos, taip pat pad\u0117ti asmeniniame augime ir i\u0161 naujo atrasti tai, kas jums i\u0161 tikr\u0173j\u0173 svarbu. Seansai galimi gyvai Londone ir Greise arba internetu, jums patogiu metu.","og_url":"https:\/\/cultivatehappiness.co.uk\/ru\/","og_site_name":"Cultivate happiness","article_modified_time":"2025-11-14T08:04:12+00:00","og_image":[{"width":1989,"height":579,"url":"https:\/\/cultivatehappiness.co.uk\/wp-content\/uploads\/2017\/10\/locations-fees.jpg","type":"image\/jpeg"}],"twitter_card":"summary_large_image","twitter_misc":{"\u041f\u0440\u0438\u043c\u0435\u0440\u043d\u043e\u0435 \u0432\u0440\u0435\u043c\u044f \u0434\u043b\u044f \u0447\u0442\u0435\u043d\u0438\u044f":"1 \u043c\u0438\u043d\u0443\u0442\u0430"},"schema":{"@context":"https:\/\/schema.org","@graph":[{"@type":"WebPage","@id":"https:\/\/cultivatehappiness.co.uk\/ru\/","url":"https:\/\/cultivatehappiness.co.uk\/ru\/","name":"\u041a\u043e\u043d\u0441\u0443\u043b\u044c\u0442\u0430\u0446\u0438\u0438 \u043f\u0441\u0438\u0445\u043e\u043b\u043e\u0433\u0430 \u0413\u0438\u043d\u0442\u0430\u0440\u0430\u0441\u0430 \u041f\u0430\u0440\u0443\u0442\u0438\u0441\u0430 - Cultivate happiness","isPartOf":{"@id":"https:\/\/cultivatehappiness.co.uk\/#website"},"primaryImageOfPage":{"@id":"https:\/\/cultivatehappiness.co.uk\/ru\/#primaryimage"},"image":{"@id":"https:\/\/cultivatehappiness.co.uk\/ru\/#primaryimage"},"thumbnailUrl":"https:\/\/cultivatehappiness.co.uk\/wp-content\/uploads\/2017\/10\/locations-fees.jpg","datePublished":"2017-11-15T11:36:08+00:00","dateModified":"2025-11-14T08:04:12+00:00","breadcrumb":{"@id":"https:\/\/cultivatehappiness.co.uk\/ru\/#breadcrumb"},"inLanguage":"ru-RU","potentialAction":[{"@type":"ReadAction","target":["https:\/\/cultivatehappiness.co.uk\/ru\/"]}]},{"@type":"ImageObject","inLanguage":"ru-RU","@id":"https:\/\/cultivatehappiness.co.uk\/ru\/#primaryimage","url":"https:\/\/cultivatehappiness.co.uk\/wp-content\/uploads\/2017\/10\/locations-fees.jpg","contentUrl":"https:\/\/cultivatehappiness.co.uk\/wp-content\/uploads\/2017\/10\/locations-fees.jpg","width":1989,"height":579},{"@type":"BreadcrumbList","@id":"https:\/\/cultivatehappiness.co.uk\/ru\/#breadcrumb","itemListElement":[{"@type":"ListItem","position":1,"name":"Home","item":"https:\/\/cultivatehappiness.co.uk\/ru\/"},{"@type":"ListItem","position":2,"name":"\u041a\u043e\u043d\u0441\u0443\u043b\u044c\u0442\u0430\u0446\u0438\u0438 \u043f\u0441\u0438\u0445\u043e\u043b\u043e\u0433\u0430 \u0413\u0438\u043d\u0442\u0430\u0440\u0430\u0441\u0430 \u041f\u0430\u0440\u0443\u0442\u0438\u0441\u0430"}]},{"@type":"WebSite","@id":"https:\/\/cultivatehappiness.co.uk\/#website","url":"https:\/\/cultivatehappiness.co.uk\/","name":"Cultivate happiness","description":"Private psychotherapy practice.  I work with adult individuals, couples, families and groups.","potentialAction":[{"@type":"SearchAction","target":{"@type":"EntryPoint","urlTemplate":"https:\/\/cultivatehappiness.co.uk\/?s={search_term_string}"},"query-input":{"@type":"PropertyValueSpecification","valueRequired":true,"valueName":"search_term_string"}}],"inLanguage":"ru-RU"}]}},"_links":{"self":[{"href":"https:\/\/cultivatehappiness.co.uk\/ru\/wp-json\/wp\/v2\/pages\/120","targetHints":{"allow":["GET"]}}],"collection":[{"href":"https:\/\/cultivatehappiness.co.uk\/ru\/wp-json\/wp\/v2\/pages"}],"about":[{"href":"https:\/\/cultivatehappiness.co.uk\/ru\/wp-json\/wp\/v2\/types\/page"}],"author":[{"embeddable":true,"href":"https:\/\/cultivatehappiness.co.uk\/ru\/wp-json\/wp\/v2\/users\/1"}],"replies":[{"embeddable":true,"href":"https:\/\/cultivatehappiness.co.uk\/ru\/wp-json\/wp\/v2\/comments?post=120"}],"version-history":[{"count":7,"href":"https:\/\/cultivatehappiness.co.uk\/ru\/wp-json\/wp\/v2\/pages\/120\/revisions"}],"predecessor-version":[{"id":317,"href":"https:\/\/cultivatehappiness.co.uk\/ru\/wp-json\/wp\/v2\/pages\/120\/revisions\/317"}],"wp:featuredmedia":[{"embeddable":true,"href":"https:\/\/cultivatehappiness.co.uk\/ru\/wp-json\/wp\/v2\/media\/37"}],"wp:attachment":[{"href":"https:\/\/cultivatehappiness.co.uk\/ru\/wp-json\/wp\/v2\/media?parent=120"}],"curies":[{"name":"wp","href":"https:\/\/api.w.org\/{rel}","templated":true}]}}