{"id":130,"date":"2017-11-15T12:38:01","date_gmt":"2017-11-15T12:38:01","guid":{"rendered":"http:\/\/cultivatehappiness.itbrolis.lt\/?page_id=130"},"modified":"2025-11-14T08:16:23","modified_gmt":"2025-11-14T08:16:23","slug":"apie-terapija","status":"publish","type":"page","link":"https:\/\/cultivatehappiness.co.uk\/lt\/apie-terapija\/","title":{"rendered":"Apie terapij\u0105"},"content":{"rendered":"<p><span data-sheets-root=\"1\">Psichoterapija, dar vadinama pokalbi\u0173 terapija arba konsultavimu, si\u016blo palaikan\u010di\u0105 ir konfidenciali\u0105 erdv\u0119 tyrin\u0117ti savo vidin\u012f pasaul\u012f su apmokytu terapeutu. Tai procesas, kuris gali pad\u0117ti geriau suprasti savo mintis, emocijas, elges\u012f ir santykius bei siekti didesnio ai\u0161kumo, laisv\u0117s ir prasm\u0117s.<\/span><\/p>\n","protected":false},"excerpt":{"rendered":"<p>Psichoterapija, dar vadinama pokalbi\u0173 terapija arba konsultavimu, si\u016blo palaikan\u010di\u0105 ir konfidenciali\u0105 erdv\u0119 tyrin\u0117ti savo vidin\u012f pasaul\u012f su apmokytu terapeutu. Tai procesas, kuris gali pad\u0117ti geriau suprasti savo mintis, emocijas, elges\u012f ir santykius bei siekti didesnio ai\u0161kumo, laisv\u0117s ir prasm\u0117s.<\/p>\n","protected":false},"author":1,"featured_media":269,"parent":0,"menu_order":0,"comment_status":"closed","ping_status":"closed","template":"page-therapy.php","meta":{"footnotes":""},"class_list":["post-130","page","type-page","status-publish","has-post-thumbnail","hentry"],"yoast_head":"<!-- This site is optimized with the Yoast SEO plugin v26.3 - https:\/\/yoast.com\/wordpress\/plugins\/seo\/ -->\n<title>Apie terapij\u0105 - Cultivate happiness<\/title>\n<meta name=\"robots\" content=\"index, follow, max-snippet:-1, max-image-preview:large, max-video-preview:-1\" \/>\n<link rel=\"canonical\" href=\"https:\/\/cultivatehappiness.co.uk\/lt\/apie-terapija\/\" \/>\n<meta property=\"og:locale\" content=\"lt_LT\" \/>\n<meta property=\"og:type\" content=\"article\" \/>\n<meta property=\"og:title\" content=\"Apie terapij\u0105 - Cultivate happiness\" \/>\n<meta property=\"og:description\" content=\"Psichoterapija, dar vadinama pokalbi\u0173 terapija arba konsultavimu, si\u016blo palaikan\u010di\u0105 ir konfidenciali\u0105 erdv\u0119 tyrin\u0117ti savo vidin\u012f pasaul\u012f su apmokytu terapeutu. Tai procesas, kuris gali pad\u0117ti geriau suprasti savo mintis, emocijas, elges\u012f ir santykius bei siekti didesnio ai\u0161kumo, laisv\u0117s ir prasm\u0117s.\" \/>\n<meta property=\"og:url\" content=\"https:\/\/cultivatehappiness.co.uk\/lt\/apie-terapija\/\" \/>\n<meta property=\"og:site_name\" content=\"Cultivate happiness\" \/>\n<meta property=\"article:modified_time\" content=\"2025-11-14T08:16:23+00:00\" \/>\n<meta property=\"og:image\" content=\"https:\/\/cultivatehappiness.co.uk\/wp-content\/uploads\/2017\/10\/sea-yellow.jpg\" \/>\n\t<meta property=\"og:image:width\" content=\"1989\" \/>\n\t<meta property=\"og:image:height\" content=\"579\" \/>\n\t<meta property=\"og:image:type\" content=\"image\/jpeg\" \/>\n<meta name=\"twitter:card\" content=\"summary_large_image\" \/>\n<meta name=\"twitter:label1\" content=\"Est. reading time\" \/>\n\t<meta name=\"twitter:data1\" content=\"1 minut\u0117\" \/>\n<script type=\"application\/ld+json\" class=\"yoast-schema-graph\">{\"@context\":\"https:\/\/schema.org\",\"@graph\":[{\"@type\":\"WebPage\",\"@id\":\"https:\/\/cultivatehappiness.co.uk\/lt\/apie-terapija\/\",\"url\":\"https:\/\/cultivatehappiness.co.uk\/lt\/apie-terapija\/\",\"name\":\"Apie terapij\u0105 - Cultivate happiness\",\"isPartOf\":{\"@id\":\"https:\/\/cultivatehappiness.co.uk\/#website\"},\"primaryImageOfPage\":{\"@id\":\"https:\/\/cultivatehappiness.co.uk\/lt\/apie-terapija\/#primaryimage\"},\"image\":{\"@id\":\"https:\/\/cultivatehappiness.co.uk\/lt\/apie-terapija\/#primaryimage\"},\"thumbnailUrl\":\"https:\/\/cultivatehappiness.co.uk\/wp-content\/uploads\/2017\/10\/sea-yellow.jpg\",\"datePublished\":\"2017-11-15T12:38:01+00:00\",\"dateModified\":\"2025-11-14T08:16:23+00:00\",\"breadcrumb\":{\"@id\":\"https:\/\/cultivatehappiness.co.uk\/lt\/apie-terapija\/#breadcrumb\"},\"inLanguage\":\"lt-LT\",\"potentialAction\":[{\"@type\":\"ReadAction\",\"target\":[\"https:\/\/cultivatehappiness.co.uk\/lt\/apie-terapija\/\"]}]},{\"@type\":\"ImageObject\",\"inLanguage\":\"lt-LT\",\"@id\":\"https:\/\/cultivatehappiness.co.uk\/lt\/apie-terapija\/#primaryimage\",\"url\":\"https:\/\/cultivatehappiness.co.uk\/wp-content\/uploads\/2017\/10\/sea-yellow.jpg\",\"contentUrl\":\"https:\/\/cultivatehappiness.co.uk\/wp-content\/uploads\/2017\/10\/sea-yellow.jpg\",\"width\":1989,\"height\":579},{\"@type\":\"BreadcrumbList\",\"@id\":\"https:\/\/cultivatehappiness.co.uk\/lt\/apie-terapija\/#breadcrumb\",\"itemListElement\":[{\"@type\":\"ListItem\",\"position\":1,\"name\":\"Home\",\"item\":\"https:\/\/cultivatehappiness.co.uk\/lt\/\"},{\"@type\":\"ListItem\",\"position\":2,\"name\":\"Apie terapij\u0105\"}]},{\"@type\":\"WebSite\",\"@id\":\"https:\/\/cultivatehappiness.co.uk\/#website\",\"url\":\"https:\/\/cultivatehappiness.co.uk\/\",\"name\":\"Cultivate happiness\",\"description\":\"Private psychotherapy practice.  I work with adult individuals, couples, families and groups.\",\"potentialAction\":[{\"@type\":\"SearchAction\",\"target\":{\"@type\":\"EntryPoint\",\"urlTemplate\":\"https:\/\/cultivatehappiness.co.uk\/?s={search_term_string}\"},\"query-input\":{\"@type\":\"PropertyValueSpecification\",\"valueRequired\":true,\"valueName\":\"search_term_string\"}}],\"inLanguage\":\"lt-LT\"}]}<\/script>\n<!-- \/ Yoast SEO plugin. -->","yoast_head_json":{"title":"Apie terapij\u0105 - Cultivate happiness","robots":{"index":"index","follow":"follow","max-snippet":"max-snippet:-1","max-image-preview":"max-image-preview:large","max-video-preview":"max-video-preview:-1"},"canonical":"https:\/\/cultivatehappiness.co.uk\/lt\/apie-terapija\/","og_locale":"lt_LT","og_type":"article","og_title":"Apie terapij\u0105 - Cultivate happiness","og_description":"Psichoterapija, dar vadinama pokalbi\u0173 terapija arba konsultavimu, si\u016blo palaikan\u010di\u0105 ir konfidenciali\u0105 erdv\u0119 tyrin\u0117ti savo vidin\u012f pasaul\u012f su apmokytu terapeutu. Tai procesas, kuris gali pad\u0117ti geriau suprasti savo mintis, emocijas, elges\u012f ir santykius bei siekti didesnio ai\u0161kumo, laisv\u0117s ir prasm\u0117s.","og_url":"https:\/\/cultivatehappiness.co.uk\/lt\/apie-terapija\/","og_site_name":"Cultivate happiness","article_modified_time":"2025-11-14T08:16:23+00:00","og_image":[{"width":1989,"height":579,"url":"https:\/\/cultivatehappiness.co.uk\/wp-content\/uploads\/2017\/10\/sea-yellow.jpg","type":"image\/jpeg"}],"twitter_card":"summary_large_image","twitter_misc":{"Est. reading time":"1 minut\u0117"},"schema":{"@context":"https:\/\/schema.org","@graph":[{"@type":"WebPage","@id":"https:\/\/cultivatehappiness.co.uk\/lt\/apie-terapija\/","url":"https:\/\/cultivatehappiness.co.uk\/lt\/apie-terapija\/","name":"Apie terapij\u0105 - Cultivate happiness","isPartOf":{"@id":"https:\/\/cultivatehappiness.co.uk\/#website"},"primaryImageOfPage":{"@id":"https:\/\/cultivatehappiness.co.uk\/lt\/apie-terapija\/#primaryimage"},"image":{"@id":"https:\/\/cultivatehappiness.co.uk\/lt\/apie-terapija\/#primaryimage"},"thumbnailUrl":"https:\/\/cultivatehappiness.co.uk\/wp-content\/uploads\/2017\/10\/sea-yellow.jpg","datePublished":"2017-11-15T12:38:01+00:00","dateModified":"2025-11-14T08:16:23+00:00","breadcrumb":{"@id":"https:\/\/cultivatehappiness.co.uk\/lt\/apie-terapija\/#breadcrumb"},"inLanguage":"lt-LT","potentialAction":[{"@type":"ReadAction","target":["https:\/\/cultivatehappiness.co.uk\/lt\/apie-terapija\/"]}]},{"@type":"ImageObject","inLanguage":"lt-LT","@id":"https:\/\/cultivatehappiness.co.uk\/lt\/apie-terapija\/#primaryimage","url":"https:\/\/cultivatehappiness.co.uk\/wp-content\/uploads\/2017\/10\/sea-yellow.jpg","contentUrl":"https:\/\/cultivatehappiness.co.uk\/wp-content\/uploads\/2017\/10\/sea-yellow.jpg","width":1989,"height":579},{"@type":"BreadcrumbList","@id":"https:\/\/cultivatehappiness.co.uk\/lt\/apie-terapija\/#breadcrumb","itemListElement":[{"@type":"ListItem","position":1,"name":"Home","item":"https:\/\/cultivatehappiness.co.uk\/lt\/"},{"@type":"ListItem","position":2,"name":"Apie terapij\u0105"}]},{"@type":"WebSite","@id":"https:\/\/cultivatehappiness.co.uk\/#website","url":"https:\/\/cultivatehappiness.co.uk\/","name":"Cultivate happiness","description":"Private psychotherapy practice.  I work with adult individuals, couples, families and groups.","potentialAction":[{"@type":"SearchAction","target":{"@type":"EntryPoint","urlTemplate":"https:\/\/cultivatehappiness.co.uk\/?s={search_term_string}"},"query-input":{"@type":"PropertyValueSpecification","valueRequired":true,"valueName":"search_term_string"}}],"inLanguage":"lt-LT"}]}},"_links":{"self":[{"href":"https:\/\/cultivatehappiness.co.uk\/lt\/wp-json\/wp\/v2\/pages\/130","targetHints":{"allow":["GET"]}}],"collection":[{"href":"https:\/\/cultivatehappiness.co.uk\/lt\/wp-json\/wp\/v2\/pages"}],"about":[{"href":"https:\/\/cultivatehappiness.co.uk\/lt\/wp-json\/wp\/v2\/types\/page"}],"author":[{"embeddable":true,"href":"https:\/\/cultivatehappiness.co.uk\/lt\/wp-json\/wp\/v2\/users\/1"}],"replies":[{"embeddable":true,"href":"https:\/\/cultivatehappiness.co.uk\/lt\/wp-json\/wp\/v2\/comments?post=130"}],"version-history":[{"count":5,"href":"https:\/\/cultivatehappiness.co.uk\/lt\/wp-json\/wp\/v2\/pages\/130\/revisions"}],"predecessor-version":[{"id":323,"href":"https:\/\/cultivatehappiness.co.uk\/lt\/wp-json\/wp\/v2\/pages\/130\/revisions\/323"}],"wp:featuredmedia":[{"embeddable":true,"href":"https:\/\/cultivatehappiness.co.uk\/lt\/wp-json\/wp\/v2\/media\/269"}],"wp:attachment":[{"href":"https:\/\/cultivatehappiness.co.uk\/lt\/wp-json\/wp\/v2\/media?parent=130"}],"curies":[{"name":"wp","href":"https:\/\/api.w.org\/{rel}","templated":true}]}}