{"id":107,"date":"2017-10-27T10:00:44","date_gmt":"2017-10-27T10:00:44","guid":{"rendered":"http:\/\/cultivatehappiness.itbrolis.lt\/?page_id=107"},"modified":"2025-11-14T08:07:17","modified_gmt":"2025-11-14T08:07:17","slug":"apie-mane","status":"publish","type":"page","link":"https:\/\/cultivatehappiness.co.uk\/lt\/apie-mane\/","title":{"rendered":"Apie mane"},"content":{"rendered":"<ul class=\"about-me-list\">\n<li>Galiu pad\u0117ti spr\u0119sti specifinius psichikos sveikatos i\u0161\u0161\u016bkius, tokius kaip nerimas, depresija, su darbu susij\u0119s stresas, taip pat padedu klientams, kurie ie\u0161ko asmeninio augimo, gyvenimo poky\u010di\u0173 ir gilesnio prasm\u0117s poj\u016b\u010dio.<\/li>\n<li>Si\u016blau konfidenciali\u0105, neteisian\u010di\u0105 erdv\u0119, kurioje u\u017eimti specialistai ir \u017emon\u0117s i\u0161 skirting\u0173 kult\u016br\u0173 ar tik\u0117jim\u0173 gali stabtel\u0117ti, apm\u0105styti ir v\u0117l atrasti tai, kas svarbiausia.<\/li>\n<li>Taip pat esu paslaug\u0173 teik\u0117jas did\u017eiuosiuose priva\u010diuose sveikatos draudimo ir darbuotoj\u0173 paramos tinkluose, \u012fskaitant \u201eAllianz\u201c, \u201eAviva\u201c, \u201eAXA Health\u201c, \u201eVitality Health\u201c, WPA ir BUPA.<\/li>\n<li>Per \u201eWorkplace Options Employee Assistance Programme\u201c (EAP) palaikau organizacijas ir darbuotojus kritini\u0173 incident\u0173 ir psichologini\u0173 traum\u0173 metu ir po j\u0173.<\/li>\n<\/ul>\n","protected":false},"excerpt":{"rendered":"<p>Galiu pad\u0117ti spr\u0119sti specifinius psichikos sveikatos i\u0161\u0161\u016bkius, tokius kaip nerimas, depresija, su darbu susij\u0119s stresas, taip pat padedu klientams, kurie ie\u0161ko asmeninio augimo, gyvenimo poky\u010di\u0173 ir gilesnio prasm\u0117s poj\u016b\u010dio. Si\u016blau konfidenciali\u0105, neteisian\u010di\u0105 erdv\u0119, kurioje u\u017eimti specialistai ir \u017emon\u0117s i\u0161 skirting\u0173 kult\u016br\u0173 ar tik\u0117jim\u0173 gali stabtel\u0117ti, apm\u0105styti ir v\u0117l atrasti tai, kas svarbiausia. Taip pat esu [&hellip;]<\/p>\n","protected":false},"author":1,"featured_media":258,"parent":0,"menu_order":0,"comment_status":"closed","ping_status":"closed","template":"page-about-me.php","meta":{"footnotes":""},"class_list":["post-107","page","type-page","status-publish","has-post-thumbnail","hentry"],"yoast_head":"<!-- This site is optimized with the Yoast SEO plugin v26.3 - https:\/\/yoast.com\/wordpress\/plugins\/seo\/ -->\n<title>Apie mane - Cultivate happiness<\/title>\n<meta name=\"robots\" content=\"index, follow, max-snippet:-1, max-image-preview:large, max-video-preview:-1\" \/>\n<link rel=\"canonical\" href=\"https:\/\/cultivatehappiness.co.uk\/lt\/apie-mane\/\" \/>\n<meta property=\"og:locale\" content=\"lt_LT\" \/>\n<meta property=\"og:type\" content=\"article\" \/>\n<meta property=\"og:title\" content=\"Apie mane - Cultivate happiness\" \/>\n<meta property=\"og:description\" content=\"Galiu pad\u0117ti spr\u0119sti specifinius psichikos sveikatos i\u0161\u0161\u016bkius, tokius kaip nerimas, depresija, su darbu susij\u0119s stresas, taip pat padedu klientams, kurie ie\u0161ko asmeninio augimo, gyvenimo poky\u010di\u0173 ir gilesnio prasm\u0117s poj\u016b\u010dio. Si\u016blau konfidenciali\u0105, neteisian\u010di\u0105 erdv\u0119, kurioje u\u017eimti specialistai ir \u017emon\u0117s i\u0161 skirting\u0173 kult\u016br\u0173 ar tik\u0117jim\u0173 gali stabtel\u0117ti, apm\u0105styti ir v\u0117l atrasti tai, kas svarbiausia. Taip pat esu [&hellip;]\" \/>\n<meta property=\"og:url\" content=\"https:\/\/cultivatehappiness.co.uk\/lt\/apie-mane\/\" \/>\n<meta property=\"og:site_name\" content=\"Cultivate happiness\" \/>\n<meta property=\"article:modified_time\" content=\"2025-11-14T08:07:17+00:00\" \/>\n<meta property=\"og:image\" content=\"https:\/\/cultivatehappiness.co.uk\/wp-content\/uploads\/2017\/10\/green-coutch.jpg\" \/>\n\t<meta property=\"og:image:width\" content=\"1989\" \/>\n\t<meta property=\"og:image:height\" content=\"579\" \/>\n\t<meta property=\"og:image:type\" content=\"image\/jpeg\" \/>\n<meta name=\"twitter:card\" content=\"summary_large_image\" \/>\n<meta name=\"twitter:label1\" content=\"Est. reading time\" \/>\n\t<meta name=\"twitter:data1\" content=\"1 minut\u0117\" \/>\n<script type=\"application\/ld+json\" class=\"yoast-schema-graph\">{\"@context\":\"https:\/\/schema.org\",\"@graph\":[{\"@type\":\"WebPage\",\"@id\":\"https:\/\/cultivatehappiness.co.uk\/lt\/apie-mane\/\",\"url\":\"https:\/\/cultivatehappiness.co.uk\/lt\/apie-mane\/\",\"name\":\"Apie mane - Cultivate happiness\",\"isPartOf\":{\"@id\":\"https:\/\/cultivatehappiness.co.uk\/#website\"},\"primaryImageOfPage\":{\"@id\":\"https:\/\/cultivatehappiness.co.uk\/lt\/apie-mane\/#primaryimage\"},\"image\":{\"@id\":\"https:\/\/cultivatehappiness.co.uk\/lt\/apie-mane\/#primaryimage\"},\"thumbnailUrl\":\"https:\/\/cultivatehappiness.co.uk\/wp-content\/uploads\/2017\/10\/green-coutch.jpg\",\"datePublished\":\"2017-10-27T10:00:44+00:00\",\"dateModified\":\"2025-11-14T08:07:17+00:00\",\"breadcrumb\":{\"@id\":\"https:\/\/cultivatehappiness.co.uk\/lt\/apie-mane\/#breadcrumb\"},\"inLanguage\":\"lt-LT\",\"potentialAction\":[{\"@type\":\"ReadAction\",\"target\":[\"https:\/\/cultivatehappiness.co.uk\/lt\/apie-mane\/\"]}]},{\"@type\":\"ImageObject\",\"inLanguage\":\"lt-LT\",\"@id\":\"https:\/\/cultivatehappiness.co.uk\/lt\/apie-mane\/#primaryimage\",\"url\":\"https:\/\/cultivatehappiness.co.uk\/wp-content\/uploads\/2017\/10\/green-coutch.jpg\",\"contentUrl\":\"https:\/\/cultivatehappiness.co.uk\/wp-content\/uploads\/2017\/10\/green-coutch.jpg\",\"width\":1989,\"height\":579},{\"@type\":\"BreadcrumbList\",\"@id\":\"https:\/\/cultivatehappiness.co.uk\/lt\/apie-mane\/#breadcrumb\",\"itemListElement\":[{\"@type\":\"ListItem\",\"position\":1,\"name\":\"Home\",\"item\":\"https:\/\/cultivatehappiness.co.uk\/lt\/\"},{\"@type\":\"ListItem\",\"position\":2,\"name\":\"Apie mane\"}]},{\"@type\":\"WebSite\",\"@id\":\"https:\/\/cultivatehappiness.co.uk\/#website\",\"url\":\"https:\/\/cultivatehappiness.co.uk\/\",\"name\":\"Cultivate happiness\",\"description\":\"Private psychotherapy practice.  I work with adult individuals, couples, families and groups.\",\"potentialAction\":[{\"@type\":\"SearchAction\",\"target\":{\"@type\":\"EntryPoint\",\"urlTemplate\":\"https:\/\/cultivatehappiness.co.uk\/?s={search_term_string}\"},\"query-input\":{\"@type\":\"PropertyValueSpecification\",\"valueRequired\":true,\"valueName\":\"search_term_string\"}}],\"inLanguage\":\"lt-LT\"}]}<\/script>\n<!-- \/ Yoast SEO plugin. -->","yoast_head_json":{"title":"Apie mane - Cultivate happiness","robots":{"index":"index","follow":"follow","max-snippet":"max-snippet:-1","max-image-preview":"max-image-preview:large","max-video-preview":"max-video-preview:-1"},"canonical":"https:\/\/cultivatehappiness.co.uk\/lt\/apie-mane\/","og_locale":"lt_LT","og_type":"article","og_title":"Apie mane - Cultivate happiness","og_description":"Galiu pad\u0117ti spr\u0119sti specifinius psichikos sveikatos i\u0161\u0161\u016bkius, tokius kaip nerimas, depresija, su darbu susij\u0119s stresas, taip pat padedu klientams, kurie ie\u0161ko asmeninio augimo, gyvenimo poky\u010di\u0173 ir gilesnio prasm\u0117s poj\u016b\u010dio. Si\u016blau konfidenciali\u0105, neteisian\u010di\u0105 erdv\u0119, kurioje u\u017eimti specialistai ir \u017emon\u0117s i\u0161 skirting\u0173 kult\u016br\u0173 ar tik\u0117jim\u0173 gali stabtel\u0117ti, apm\u0105styti ir v\u0117l atrasti tai, kas svarbiausia. Taip pat esu [&hellip;]","og_url":"https:\/\/cultivatehappiness.co.uk\/lt\/apie-mane\/","og_site_name":"Cultivate happiness","article_modified_time":"2025-11-14T08:07:17+00:00","og_image":[{"width":1989,"height":579,"url":"https:\/\/cultivatehappiness.co.uk\/wp-content\/uploads\/2017\/10\/green-coutch.jpg","type":"image\/jpeg"}],"twitter_card":"summary_large_image","twitter_misc":{"Est. reading time":"1 minut\u0117"},"schema":{"@context":"https:\/\/schema.org","@graph":[{"@type":"WebPage","@id":"https:\/\/cultivatehappiness.co.uk\/lt\/apie-mane\/","url":"https:\/\/cultivatehappiness.co.uk\/lt\/apie-mane\/","name":"Apie mane - Cultivate happiness","isPartOf":{"@id":"https:\/\/cultivatehappiness.co.uk\/#website"},"primaryImageOfPage":{"@id":"https:\/\/cultivatehappiness.co.uk\/lt\/apie-mane\/#primaryimage"},"image":{"@id":"https:\/\/cultivatehappiness.co.uk\/lt\/apie-mane\/#primaryimage"},"thumbnailUrl":"https:\/\/cultivatehappiness.co.uk\/wp-content\/uploads\/2017\/10\/green-coutch.jpg","datePublished":"2017-10-27T10:00:44+00:00","dateModified":"2025-11-14T08:07:17+00:00","breadcrumb":{"@id":"https:\/\/cultivatehappiness.co.uk\/lt\/apie-mane\/#breadcrumb"},"inLanguage":"lt-LT","potentialAction":[{"@type":"ReadAction","target":["https:\/\/cultivatehappiness.co.uk\/lt\/apie-mane\/"]}]},{"@type":"ImageObject","inLanguage":"lt-LT","@id":"https:\/\/cultivatehappiness.co.uk\/lt\/apie-mane\/#primaryimage","url":"https:\/\/cultivatehappiness.co.uk\/wp-content\/uploads\/2017\/10\/green-coutch.jpg","contentUrl":"https:\/\/cultivatehappiness.co.uk\/wp-content\/uploads\/2017\/10\/green-coutch.jpg","width":1989,"height":579},{"@type":"BreadcrumbList","@id":"https:\/\/cultivatehappiness.co.uk\/lt\/apie-mane\/#breadcrumb","itemListElement":[{"@type":"ListItem","position":1,"name":"Home","item":"https:\/\/cultivatehappiness.co.uk\/lt\/"},{"@type":"ListItem","position":2,"name":"Apie mane"}]},{"@type":"WebSite","@id":"https:\/\/cultivatehappiness.co.uk\/#website","url":"https:\/\/cultivatehappiness.co.uk\/","name":"Cultivate happiness","description":"Private psychotherapy practice.  I work with adult individuals, couples, families and groups.","potentialAction":[{"@type":"SearchAction","target":{"@type":"EntryPoint","urlTemplate":"https:\/\/cultivatehappiness.co.uk\/?s={search_term_string}"},"query-input":{"@type":"PropertyValueSpecification","valueRequired":true,"valueName":"search_term_string"}}],"inLanguage":"lt-LT"}]}},"_links":{"self":[{"href":"https:\/\/cultivatehappiness.co.uk\/lt\/wp-json\/wp\/v2\/pages\/107","targetHints":{"allow":["GET"]}}],"collection":[{"href":"https:\/\/cultivatehappiness.co.uk\/lt\/wp-json\/wp\/v2\/pages"}],"about":[{"href":"https:\/\/cultivatehappiness.co.uk\/lt\/wp-json\/wp\/v2\/types\/page"}],"author":[{"embeddable":true,"href":"https:\/\/cultivatehappiness.co.uk\/lt\/wp-json\/wp\/v2\/users\/1"}],"replies":[{"embeddable":true,"href":"https:\/\/cultivatehappiness.co.uk\/lt\/wp-json\/wp\/v2\/comments?post=107"}],"version-history":[{"count":8,"href":"https:\/\/cultivatehappiness.co.uk\/lt\/wp-json\/wp\/v2\/pages\/107\/revisions"}],"predecessor-version":[{"id":320,"href":"https:\/\/cultivatehappiness.co.uk\/lt\/wp-json\/wp\/v2\/pages\/107\/revisions\/320"}],"wp:featuredmedia":[{"embeddable":true,"href":"https:\/\/cultivatehappiness.co.uk\/lt\/wp-json\/wp\/v2\/media\/258"}],"wp:attachment":[{"href":"https:\/\/cultivatehappiness.co.uk\/lt\/wp-json\/wp\/v2\/media?parent=107"}],"curies":[{"name":"wp","href":"https:\/\/api.w.org\/{rel}","templated":true}]}}